{"id":11127,"date":"2021-03-13T10:09:39","date_gmt":"2021-03-13T10:09:39","guid":{"rendered":"https:\/\/oic.ci\/portail_web\/?page_id=11127"},"modified":"2021-03-13T11:04:27","modified_gmt":"2021-03-13T11:04:27","slug":"geolocalisation","status":"publish","type":"page","link":"https:\/\/oic.ci\/portail_web\/services\/geolocalisation\/","title":{"rendered":"G\u00c9OLOCALISATION"},"content":{"rendered":"<p>[vc_section full_width=&#8221;stretch_row&#8221; css=&#8221;.vc_custom_1519198247869{margin-bottom: 0px !important;padding-top: 65px !important;padding-bottom: 30px !important;}&#8221;][vc_row full_width=&#8221;stretch_row&#8221; css_animation=&#8221;none&#8221; css=&#8221;.vc_custom_1519191954575{margin-top: 0px !important;margin-bottom: 0px !important;padding-top: 0px !important;padding-bottom: 0px !important;}&#8221;][vc_column css_animation=&#8221;none&#8221; css=&#8221;.vc_custom_1519191969183{margin-right: 0px !important;padding-right: 42px !important;}&#8221;][vc_custom_heading text=&#8221;G\u00c9OLOCALISATION&#8221; font_container=&#8221;tag:h2|font_size:36px|text_align:center&#8221; use_theme_fonts=&#8221;yes&#8221; css_animation=&#8221;none&#8221; css=&#8221;.vc_custom_1615631918491{padding-top: 0px !important;padding-bottom: 0px !important;}&#8221;][\/vc_column][\/vc_row][\/vc_section][vc_row full_width=&#8221;stretch_row&#8221;][vc_column width=&#8221;5\/12&#8243;][vc_single_image image=&#8221;11150&#8243; img_size=&#8221;full&#8221;][\/vc_column][vc_column width=&#8221;7\/12&#8243;][vc_column_text css_animation=&#8221;none&#8221; css=&#8221;.vc_custom_1615632626444{margin-top: 10px !important;margin-bottom: 0px !important;padding-top: 0px !important;padding-bottom: 32px !important;}&#8221;]<\/p>\n<ul>\n<li>Visualisation de la position de l&#8217;ensemble des camions du convoi<\/li>\n<li>Suivi en temps r\u00e9el des camions<\/li>\n<li>Affichage d&#8217;un historique de d\u00e9placements<\/li>\n<li>Cr\u00e9ation de points d&#8217;int\u00e9r\u00eat marquants les &#8220;vues pass\u00e9es&#8221;<\/li>\n<li>Cr\u00e9ation de zones g\u00e9ographiques (pour le geofencing) et de routes (corridoring)<\/li>\n<\/ul>\n<p>[\/vc_column_text][\/vc_column][\/vc_row]<\/p>\n","protected":false},"excerpt":{"rendered":"<p>[vc_section full_width=&#8221;stretch_row&#8221; css=&#8221;.vc_custom_1519198247869{margin-bottom: 0px !important;padding-top: 65px !important;padding-bottom: 30px !important;}&#8221;][vc_row full_width=&#8221;stretch_row&#8221; css_animation=&#8221;none&#8221; css=&#8221;.vc_custom_1519191954575{margin-top: 0px !important;margin-bottom: 0px !important;padding-top: 0px !important;padding-bottom: 0px !important;}&#8221;][vc_column css_animation=&#8221;none&#8221; css=&#8221;.vc_custom_1519191969183{margin-right: 0px !important;padding-right: 42px !important;}&#8221;][vc_custom_heading text=&#8221;G\u00c9OLOCALISATION&#8221; font_container=&#8221;tag:h2|font_size:36px|text_align:center&#8221; use_theme_fonts=&#8221;yes&#8221; css_animation=&#8221;none&#8221; css=&#8221;.vc_custom_1615631918491{padding-top: 0px !important;padding-bottom: 0px !important;}&#8221;][\/vc_column][\/vc_row][\/vc_section][vc_row full_width=&#8221;stretch_row&#8221;][vc_column width=&#8221;5\/12&#8243;][vc_single_image image=&#8221;11150&#8243; img_size=&#8221;full&#8221;][\/vc_column][vc_column width=&#8221;7\/12&#8243;][vc_column_text css_animation=&#8221;none&#8221; css=&#8221;.vc_custom_1615632626444{margin-top: 10px !important;margin-bottom: 0px !important;padding-top: 0px !important;padding-bottom: 32px !important;}&#8221;] Visualisation de la position de [&hellip;]<\/p>\n","protected":false},"author":1,"featured_media":0,"parent":10871,"menu_order":0,"comment_status":"closed","ping_status":"closed","template":"","meta":{"footnotes":""},"class_list":["post-11127","page","type-page","status-publish","hentry"],"_links":{"self":[{"href":"https:\/\/oic.ci\/portail_web\/wp-json\/wp\/v2\/pages\/11127","targetHints":{"allow":["GET"]}}],"collection":[{"href":"https:\/\/oic.ci\/portail_web\/wp-json\/wp\/v2\/pages"}],"about":[{"href":"https:\/\/oic.ci\/portail_web\/wp-json\/wp\/v2\/types\/page"}],"author":[{"embeddable":true,"href":"https:\/\/oic.ci\/portail_web\/wp-json\/wp\/v2\/users\/1"}],"replies":[{"embeddable":true,"href":"https:\/\/oic.ci\/portail_web\/wp-json\/wp\/v2\/comments?post=11127"}],"version-history":[{"count":4,"href":"https:\/\/oic.ci\/portail_web\/wp-json\/wp\/v2\/pages\/11127\/revisions"}],"predecessor-version":[{"id":11142,"href":"https:\/\/oic.ci\/portail_web\/wp-json\/wp\/v2\/pages\/11127\/revisions\/11142"}],"up":[{"embeddable":true,"href":"https:\/\/oic.ci\/portail_web\/wp-json\/wp\/v2\/pages\/10871"}],"wp:attachment":[{"href":"https:\/\/oic.ci\/portail_web\/wp-json\/wp\/v2\/media?parent=11127"}],"curies":[{"name":"wp","href":"https:\/\/api.w.org\/{rel}","templated":true}]}}