{"id":10954,"date":"2021-02-18T15:21:12","date_gmt":"2021-02-18T15:21:12","guid":{"rendered":"https:\/\/oic.ci\/portail_web\/?page_id=10954"},"modified":"2021-03-13T09:53:34","modified_gmt":"2021-03-13T09:53:34","slug":"lentrepot-reel-sous-douane","status":"publish","type":"page","link":"https:\/\/oic.ci\/portail_web\/services\/lentrepot-reel-sous-douane\/","title":{"rendered":"L\u2019ENTREP\u00d4T REEL SOUS DOUANE"},"content":{"rendered":"<p>[vc_section full_width=&#8221;stretch_row&#8221; css=&#8221;.vc_custom_1519198247869{margin-bottom: 0px !important;padding-top: 65px !important;padding-bottom: 30px !important;}&#8221;][vc_row full_width=&#8221;stretch_row&#8221; css_animation=&#8221;none&#8221; css=&#8221;.vc_custom_1519191954575{margin-top: 0px !important;margin-bottom: 0px !important;padding-top: 0px !important;padding-bottom: 0px !important;}&#8221;][vc_column css_animation=&#8221;none&#8221; css=&#8221;.vc_custom_1519191969183{margin-right: 0px !important;padding-right: 42px !important;}&#8221;][vc_custom_heading text=&#8221;L\u2019ENTREP\u00d4T REEL SOUS DOUANE&#8221; font_container=&#8221;tag:h2|font_size:36px|text_align:center&#8221; use_theme_fonts=&#8221;yes&#8221; css_animation=&#8221;none&#8221; css=&#8221;.vc_custom_1613663033260{padding-top: 0px !important;padding-bottom: 0px !important;}&#8221;][\/vc_column][\/vc_row][\/vc_section][vc_row full_width=&#8221;stretch_row&#8221;][vc_column width=&#8221;5\/12&#8243;][vc_single_image image=&#8221;11093&#8243; img_size=&#8221;full&#8221;][\/vc_column][vc_column width=&#8221;7\/12&#8243;][vc_column_text css_animation=&#8221;none&#8221; css=&#8221;.vc_custom_1613663064325{margin-top: 10px !important;margin-bottom: 0px !important;padding-top: 0px !important;padding-bottom: 32px !important;}&#8221;]<\/p>\n<p class=\"kl-iconbox__desc\">C\u2019est une infrastructure logistique d\u2019appui au commerce qui offre aux op\u00e9rateurs \u00e9conomiques \u00e0 l\u2019import les facilit\u00e9s suivantes :<\/p>\n<ul>\n<li>D\u00e9douanement fractionn\u00e9 des marchandises<\/li>\n<li>Stockage des marchandises sur une longue dur\u00e9e<\/li>\n<li>Tarifs pr\u00e9f\u00e9rentiels<\/li>\n<\/ul>\n<p>[\/vc_column_text][\/vc_column][\/vc_row]<\/p>\n","protected":false},"excerpt":{"rendered":"<p>[vc_section full_width=&#8221;stretch_row&#8221; css=&#8221;.vc_custom_1519198247869{margin-bottom: 0px !important;padding-top: 65px !important;padding-bottom: 30px !important;}&#8221;][vc_row full_width=&#8221;stretch_row&#8221; css_animation=&#8221;none&#8221; css=&#8221;.vc_custom_1519191954575{margin-top: 0px !important;margin-bottom: 0px !important;padding-top: 0px !important;padding-bottom: 0px !important;}&#8221;][vc_column css_animation=&#8221;none&#8221; css=&#8221;.vc_custom_1519191969183{margin-right: 0px !important;padding-right: 42px !important;}&#8221;][vc_custom_heading text=&#8221;L\u2019ENTREP\u00d4T REEL SOUS DOUANE&#8221; font_container=&#8221;tag:h2|font_size:36px|text_align:center&#8221; use_theme_fonts=&#8221;yes&#8221; css_animation=&#8221;none&#8221; css=&#8221;.vc_custom_1613663033260{padding-top: 0px !important;padding-bottom: 0px !important;}&#8221;][\/vc_column][\/vc_row][\/vc_section][vc_row full_width=&#8221;stretch_row&#8221;][vc_column width=&#8221;5\/12&#8243;][vc_single_image image=&#8221;11093&#8243; img_size=&#8221;full&#8221;][\/vc_column][vc_column width=&#8221;7\/12&#8243;][vc_column_text css_animation=&#8221;none&#8221; css=&#8221;.vc_custom_1613663064325{margin-top: 10px !important;margin-bottom: 0px !important;padding-top: 0px !important;padding-bottom: 32px !important;}&#8221;] C\u2019est une [&hellip;]<\/p>\n","protected":false},"author":1,"featured_media":0,"parent":10871,"menu_order":0,"comment_status":"closed","ping_status":"closed","template":"","meta":{"footnotes":""},"class_list":["post-10954","page","type-page","status-publish","hentry"],"_links":{"self":[{"href":"https:\/\/oic.ci\/portail_web\/wp-json\/wp\/v2\/pages\/10954","targetHints":{"allow":["GET"]}}],"collection":[{"href":"https:\/\/oic.ci\/portail_web\/wp-json\/wp\/v2\/pages"}],"about":[{"href":"https:\/\/oic.ci\/portail_web\/wp-json\/wp\/v2\/types\/page"}],"author":[{"embeddable":true,"href":"https:\/\/oic.ci\/portail_web\/wp-json\/wp\/v2\/users\/1"}],"replies":[{"embeddable":true,"href":"https:\/\/oic.ci\/portail_web\/wp-json\/wp\/v2\/comments?post=10954"}],"version-history":[{"count":4,"href":"https:\/\/oic.ci\/portail_web\/wp-json\/wp\/v2\/pages\/10954\/revisions"}],"predecessor-version":[{"id":10962,"href":"https:\/\/oic.ci\/portail_web\/wp-json\/wp\/v2\/pages\/10954\/revisions\/10962"}],"up":[{"embeddable":true,"href":"https:\/\/oic.ci\/portail_web\/wp-json\/wp\/v2\/pages\/10871"}],"wp:attachment":[{"href":"https:\/\/oic.ci\/portail_web\/wp-json\/wp\/v2\/media?parent=10954"}],"curies":[{"name":"wp","href":"https:\/\/api.w.org\/{rel}","templated":true}]}}