{"id":10896,"date":"2021-02-17T20:13:32","date_gmt":"2021-02-17T20:13:32","guid":{"rendered":"https:\/\/oic.ci\/portail_web\/?page_id=10896"},"modified":"2021-02-18T14:12:03","modified_gmt":"2021-02-18T14:12:03","slug":"mot-du-dg","status":"publish","type":"page","link":"https:\/\/oic.ci\/portail_web\/presentation-3\/mot-du-dg\/","title":{"rendered":"MOT DU DIRECTEUR GENERAL"},"content":{"rendered":"<p>[vc_row full_width=&#8221;stretch_row&#8221;][vc_column][vc_custom_heading text=&#8221;MOT DU DIRECTEUR GENERAL&#8221; font_container=&#8221;tag:h1|font_size:20px|text_align:left&#8221; use_theme_fonts=&#8221;yes&#8221; css_animation=&#8221;none&#8221; css=&#8221;.vc_custom_1613643339090{margin-top: 0px !important;padding-top: 0px !important;padding-bottom: 0px !important;}&#8221;][\/vc_column][vc_column width=&#8221;5\/12&#8243;][vc_single_image image=&#8221;10916&#8243; img_size=&#8221;full&#8221;][vc_custom_heading text=&#8221;Sidib\u00e9 Issoufou<br \/>\nDirecteur G\u00e9n\u00e9ral de l\u2019Office Ivoirien des Chargeurs&#8221; font_container=&#8221;tag:h2|font_size:18px|text_align:left&#8221; use_theme_fonts=&#8221;yes&#8221; css_animation=&#8221;none&#8221; css=&#8221;.vc_custom_1613643265861{margin-top: 0px !important;padding-top: 0px !important;padding-bottom: 0px !important;}&#8221;][\/vc_column][vc_column width=&#8221;7\/12&#8243;][vc_column_text css_animation=&#8221;none&#8221; css=&#8221;.vc_custom_1613643442444{margin-top: 10px !important;margin-bottom: 0px !important;padding-top: 0px !important;padding-bottom: 32px !important;}&#8221;]Chers (\u00e8res) Internautes,<\/p>\n<p>Je vous souhaite la bienvenue sur le site officiel de l\u2019Office Ivoirien des Chargeurs (OIC).<\/p>\n<p>Ce portail d\u2019informations est n\u00e9 de la volont\u00e9 de la Direction G\u00e9n\u00e9rale qui a voulu doter son entreprise d\u2019un outil moderne d\u2019informations et de communication.<\/p>\n<p>L\u2019objectif vis\u00e9, est de faire de cette vitrine, un moyen de communication puissant en vue d\u2019informer les utilisateurs de notre page web sur les missions, les activit\u00e9s et la vie au sein de l\u2019Office Ivoirien des Chargeurs (OIC).<\/p>\n<p>Ce site disponible depuis le 08 F\u00e9vrier 2008, est une plateforme offerte aux op\u00e9rateurs \u00e9conomiques du monde des transports pour leur permettre d\u2019effectuer en toute qui\u00e9tude, toutes op\u00e9rations via internet, dans le cadre de la cr\u00e9ation du Bordereau de Suivi des Cargaisons (BSC) en ligne et du Document Unique de Transports routier de marchandises (DUT)<\/p>\n<p>Ces deux documents de transports (maritime &amp; routier) d\u00e9sormais d\u00e9mat\u00e9rialis\u00e9s, sont disponibles \u00e0 partir de notre site internet.<\/p>\n<p>Ce site r\u00e9nov\u00e9, est \u00e9galement un cadre dynamique et convivial offert \u00e0 tous les internautes. Il r\u00e9pondra certainement \u00e0 vos attentes, puisqu\u2019il a \u00e9t\u00e9 con\u00e7u conform\u00e9ment aux normes exig\u00e9es par les nouvelles technologies web.<\/p>\n<p>Vous y trouverez plusieurs rubriques, notamment :<\/p>\n<div class=\"services_box__list-wrapper\">\n<ul class=\"services_box__list\">\n<li><span class=\"services_box__list-text\">L\u2019Actualit\u00e9 des Transports<\/span><\/li>\n<li><span class=\"services_box__list-text\">Les statistiques maritimes, portuaires et routi\u00e8res<\/span><\/li>\n<li><span class=\"services_box__list-text\">Le mouvement des navires dans le Port d\u2019Abidjan<\/span><\/li>\n<li><span class=\"services_box__list-text\">Le programme des s\u00e9minaires de formation<\/span><\/li>\n<\/ul>\n<\/div>\n<p>&nbsp;<\/p>\n<p>Toutefois, nous allons poursuivre nos efforts pour renforcer la visibilit\u00e9 et la lisibilit\u00e9 des actions de l\u2019OIC via ce puissant m\u00e9dia, afin de hisser plus haut l\u2019image et la notori\u00e9t\u00e9 de notre structure. Je voudrais, exprimer ma gratitude \u00e0 tous les chargeurs pour l\u2019importance accord\u00e9e \u00e0 notre site internet \u00e0 travers le BSC en ligne et le DUT.<\/p>\n<p>Mon ambition aujourd\u2019hui est de tendre vers une d\u00e9mat\u00e9rialisation totale de nos services afin de faciliter toutes vos op\u00e9rations dans le cadre des \u00e9changes commerciaux. C\u2019est pourquoi, nous travaillons pour que ce site soit le reflet de vos attentes.<\/p>\n<p><b>Chers Internautes,<\/b><\/p>\n<p>Ce site est le v\u00f4tre.C\u2019est le fruit d\u2019un travail d\u2019\u00e9quipe, con\u00e7u pour mieux vous informer et vous faciliter la vie.<\/p>\n<p>&nbsp;<\/p>\n<p>Agr\u00e9able navigation ![\/vc_column_text][\/vc_column][\/vc_row]<\/p>\n","protected":false},"excerpt":{"rendered":"<p>[vc_row full_width=&#8221;stretch_row&#8221;][vc_column][vc_custom_heading text=&#8221;MOT DU DIRECTEUR GENERAL&#8221; font_container=&#8221;tag:h1|font_size:20px|text_align:left&#8221; use_theme_fonts=&#8221;yes&#8221; css_animation=&#8221;none&#8221; css=&#8221;.vc_custom_1613643339090{margin-top: 0px !important;padding-top: 0px !important;padding-bottom: 0px !important;}&#8221;][\/vc_column][vc_column width=&#8221;5\/12&#8243;][vc_single_image image=&#8221;10916&#8243; img_size=&#8221;full&#8221;][vc_custom_heading text=&#8221;Sidib\u00e9 Issoufou Directeur G\u00e9n\u00e9ral de l\u2019Office Ivoirien des Chargeurs&#8221; font_container=&#8221;tag:h2|font_size:18px|text_align:left&#8221; use_theme_fonts=&#8221;yes&#8221; css_animation=&#8221;none&#8221; css=&#8221;.vc_custom_1613643265861{margin-top: 0px !important;padding-top: 0px !important;padding-bottom: 0px !important;}&#8221;][\/vc_column][vc_column width=&#8221;7\/12&#8243;][vc_column_text css_animation=&#8221;none&#8221; css=&#8221;.vc_custom_1613643442444{margin-top: 10px !important;margin-bottom: 0px !important;padding-top: 0px !important;padding-bottom: 32px !important;}&#8221;]Chers (\u00e8res) Internautes, Je vous souhaite la [&hellip;]<\/p>\n","protected":false},"author":1,"featured_media":0,"parent":10877,"menu_order":0,"comment_status":"closed","ping_status":"closed","template":"","meta":{"footnotes":""},"class_list":["post-10896","page","type-page","status-publish","hentry"],"_links":{"self":[{"href":"https:\/\/oic.ci\/portail_web\/wp-json\/wp\/v2\/pages\/10896","targetHints":{"allow":["GET"]}}],"collection":[{"href":"https:\/\/oic.ci\/portail_web\/wp-json\/wp\/v2\/pages"}],"about":[{"href":"https:\/\/oic.ci\/portail_web\/wp-json\/wp\/v2\/types\/page"}],"author":[{"embeddable":true,"href":"https:\/\/oic.ci\/portail_web\/wp-json\/wp\/v2\/users\/1"}],"replies":[{"embeddable":true,"href":"https:\/\/oic.ci\/portail_web\/wp-json\/wp\/v2\/comments?post=10896"}],"version-history":[{"count":8,"href":"https:\/\/oic.ci\/portail_web\/wp-json\/wp\/v2\/pages\/10896\/revisions"}],"predecessor-version":[{"id":10935,"href":"https:\/\/oic.ci\/portail_web\/wp-json\/wp\/v2\/pages\/10896\/revisions\/10935"}],"up":[{"embeddable":true,"href":"https:\/\/oic.ci\/portail_web\/wp-json\/wp\/v2\/pages\/10877"}],"wp:attachment":[{"href":"https:\/\/oic.ci\/portail_web\/wp-json\/wp\/v2\/media?parent=10896"}],"curies":[{"name":"wp","href":"https:\/\/api.w.org\/{rel}","templated":true}]}}