{"id":10894,"date":"2021-02-17T20:11:24","date_gmt":"2021-02-17T20:11:24","guid":{"rendered":"https:\/\/oic.ci\/portail_web\/?page_id=10894"},"modified":"2021-02-25T16:15:12","modified_gmt":"2021-02-25T16:15:12","slug":"notre-engagement","status":"publish","type":"page","link":"https:\/\/oic.ci\/portail_web\/presentation-3\/notre-engagement\/","title":{"rendered":"Notre engagement"},"content":{"rendered":"<p>[vc_row full_width=&#8221;stretch_row&#8221;][vc_column][vc_custom_heading text=&#8221;NOTRE ENGAGEMENT&#8221; font_container=&#8221;tag:h1|font_size:20px|text_align:left&#8221; use_theme_fonts=&#8221;yes&#8221; css_animation=&#8221;none&#8221; css=&#8221;.vc_custom_1613657648525{margin-top: 0px !important;padding-top: 0px !important;padding-bottom: 0px !important;}&#8221;][\/vc_column][\/vc_row][vc_row full_width=&#8221;stretch_row&#8221;][vc_column width=&#8221;5\/12&#8243;][vc_single_image image=&#8221;11115&#8243; img_size=&#8221;full&#8221;][\/vc_column][vc_column width=&#8221;7\/12&#8243;][vc_column_text css_animation=&#8221;none&#8221; css=&#8221;.vc_custom_1614269700212{margin-top: 10px !important;margin-bottom: 0px !important;padding-top: 0px !important;padding-bottom: 32px !important;}&#8221;]<b>Politique QUALITE<\/b><\/p>\n<div class=\"services_box__list-wrapper\">\n<ul class=\"services_box__list\">\n<li><span class=\"services_box__list-text\">Ecouter, Collaborer et mobiliser les parties prenantes pour l&#8217;atteinte des objectifs des missions de l&#8217;OIC.<\/span><\/li>\n<li><span class=\"services_box__list-text\">Accro\u00eetre la satisfaction des chargeurs en developpant de la proximit\u00e9 (\u00e9coute des besoins, proximit\u00e9 des antennes, sentiment d&#8217;appartenance)<\/span><\/li>\n<li><span class=\"services_box__list-text\">Renforcer les capacit\u00e9s des chargeurs<\/span><\/li>\n<li><span class=\"services_box__list-text\">R\u00e9pondre aux enjeux et exigences qui incombent \u00e0 l&#8217;OIC (contractuelles, l\u00e9gales, r\u00e9glementaires, normatives&#8230;)<\/span><\/li>\n<\/ul>\n<\/div>\n<p>&nbsp;<\/p>\n<p><b>Politique de SECURITE DE L&#8217;INFORMATION<\/b><\/p>\n<div class=\"services_box__list-wrapper\">\n<ul class=\"services_box__list\">\n<li><span class=\"services_box__list-text\">Assurer la confidentialit\u00e9 des r\u00e9flexions strat\u00e9giques, des offres, des \u00e9tudes.<\/span><\/li>\n<li><span class=\"services_box__list-text\">S\u00e9curiser et prot\u00e9ger les informations des chargeurs et autres parties int\u00e9ress\u00e9es<\/span><\/li>\n<li><span class=\"services_box__list-text\">S\u00e9curiser (confidentialit\u00e9, disponibilit\u00e9. int\u00e9grit\u00e9) les syst\u00e8mes d&#8217;information op\u00e9rationnel (BSC, DUT, Gestion de parc&#8230;) et back-office (comptabilit\u00e9, finance&#8230;)<\/span><\/li>\n<li><span class=\"services_box__list-text\">Assurer aux fili\u00e8res nationales, les appuis infrastructurels, financiers et commerciaux pour leur int\u00e9gration au march\u00e9 mondial.<\/span><\/li>\n<\/ul>\n<\/div>\n<p>&nbsp;<\/p>\n<p><b>Politique de SANTE SECURITE AU TRAVAIL<\/b><\/p>\n<div class=\"services_box__list-wrapper\">\n<ul class=\"services_box__list\">\n<li><span class=\"services_box__list-text\">Accroitre la performance, les capacit\u00e9s et la polyvalence du personnel (motivation, autonomie, responsabilisation, conditions de travail&#8230;)<\/span><\/li>\n<li><span class=\"services_box__list-text\">\u00catre \u00e0 l&#8217;\u00e9coute des besoins et attentes des agents<\/span><\/li>\n<li><span class=\"services_box__list-text\">Optimiser les conditions de travail des agents (moyens \u00e0 dispositions, package social&#8230;)<\/span><\/li>\n<\/ul>\n<\/div>\n<p>&nbsp;<\/p>\n<p><b>Politique de GESTION DE SERVICE (systerne d&#8217;information)<\/b><\/p>\n<div class=\"services_box__list-wrapper\">\n<ul class=\"services_box__list\">\n<li><span class=\"services_box__list-text\">Assurer une disponibilit\u00e9 de services (24\/7, gestion des incidents&#8230;)<\/span><\/li>\n<li><span class=\"services_box__list-text\">Disposer d&#8217;un syst\u00e8me d&#8217;information apte \u00e0 supporter l&#8217;actlvit\u00e9 (offres, territoires, adapt\u00e9 aux besoins&#8230;)<\/span><\/li>\n<\/ul>\n<\/div>\n<p>[\/vc_column_text][\/vc_column][\/vc_row]<\/p>\n","protected":false},"excerpt":{"rendered":"<p>[vc_row full_width=&#8221;stretch_row&#8221;][vc_column][vc_custom_heading text=&#8221;NOTRE ENGAGEMENT&#8221; font_container=&#8221;tag:h1|font_size:20px|text_align:left&#8221; use_theme_fonts=&#8221;yes&#8221; css_animation=&#8221;none&#8221; css=&#8221;.vc_custom_1613657648525{margin-top: 0px !important;padding-top: 0px !important;padding-bottom: 0px !important;}&#8221;][\/vc_column][\/vc_row][vc_row full_width=&#8221;stretch_row&#8221;][vc_column width=&#8221;5\/12&#8243;][vc_single_image image=&#8221;11115&#8243; img_size=&#8221;full&#8221;][\/vc_column][vc_column width=&#8221;7\/12&#8243;][vc_column_text css_animation=&#8221;none&#8221; css=&#8221;.vc_custom_1614269700212{margin-top: 10px !important;margin-bottom: 0px !important;padding-top: 0px !important;padding-bottom: 32px !important;}&#8221;]Politique QUALITE Ecouter, Collaborer et mobiliser les parties prenantes pour l&#8217;atteinte des objectifs des missions de l&#8217;OIC. Accro\u00eetre la satisfaction des chargeurs en developpant de la proximit\u00e9 [&hellip;]<\/p>\n","protected":false},"author":1,"featured_media":0,"parent":10877,"menu_order":0,"comment_status":"closed","ping_status":"closed","template":"","meta":{"footnotes":""},"class_list":["post-10894","page","type-page","status-publish","hentry"],"_links":{"self":[{"href":"https:\/\/oic.ci\/portail_web\/wp-json\/wp\/v2\/pages\/10894","targetHints":{"allow":["GET"]}}],"collection":[{"href":"https:\/\/oic.ci\/portail_web\/wp-json\/wp\/v2\/pages"}],"about":[{"href":"https:\/\/oic.ci\/portail_web\/wp-json\/wp\/v2\/types\/page"}],"author":[{"embeddable":true,"href":"https:\/\/oic.ci\/portail_web\/wp-json\/wp\/v2\/users\/1"}],"replies":[{"embeddable":true,"href":"https:\/\/oic.ci\/portail_web\/wp-json\/wp\/v2\/comments?post=10894"}],"version-history":[{"count":7,"href":"https:\/\/oic.ci\/portail_web\/wp-json\/wp\/v2\/pages\/10894\/revisions"}],"predecessor-version":[{"id":11116,"href":"https:\/\/oic.ci\/portail_web\/wp-json\/wp\/v2\/pages\/10894\/revisions\/11116"}],"up":[{"embeddable":true,"href":"https:\/\/oic.ci\/portail_web\/wp-json\/wp\/v2\/pages\/10877"}],"wp:attachment":[{"href":"https:\/\/oic.ci\/portail_web\/wp-json\/wp\/v2\/media?parent=10894"}],"curies":[{"name":"wp","href":"https:\/\/api.w.org\/{rel}","templated":true}]}}