{"id":10875,"date":"2021-02-17T19:59:26","date_gmt":"2021-02-17T19:59:26","guid":{"rendered":"https:\/\/oic.ci\/portail_web\/?page_id=10875"},"modified":"2021-03-22T12:16:34","modified_gmt":"2021-03-22T12:16:34","slug":"contactez-nous","status":"publish","type":"page","link":"https:\/\/oic.ci\/portail_web\/contactez-nous\/","title":{"rendered":"CONTACT"},"content":{"rendered":"<p>[vc_section full_width=&#8221;stretch_row&#8221; css=&#8221;.vc_custom_1519729320894{margin-top: 0px !important;margin-bottom: 0px !important;padding-top: 0px !important;padding-bottom: 0px !important;background-color: #ffffff !important;background-position: center !important;background-repeat: no-repeat !important;background-size: cover !important;}&#8221;][vc_row full_width=&#8221;stretch_row&#8221; gap=&#8221;35&#8243; equal_height=&#8221;yes&#8221; css_animation=&#8221;none&#8221; css=&#8221;.vc_custom_1519736155648{margin-top: 0px !important;margin-bottom: 0px !important;padding-top: 73px !important;padding-bottom: 73px !important;background-color: #ffffff !important;}&#8221;][vc_column width=&#8221;1\/3&#8243; css=&#8221;.vc_custom_1519736485121{margin-top: 0px !important;margin-bottom: 0px !important;padding-top: 0px !important;padding-bottom: 0px !important;}&#8221; el_class=&#8221;border-right&#8221;][vc_single_image image=&#8221;7320&#8243; img_size=&#8221;full&#8221; alignment=&#8221;center&#8221; style=&#8221;vc_box_outline_circle&#8221; border_color=&#8221;sky&#8221; css=&#8221;.vc_custom_1613641348223{margin-top: 0px !important;margin-bottom: 10px !important;padding-top: 0px !important;padding-bottom: 0px !important;}&#8221;][vc_custom_heading text=&#8221;T\u00c9L\u00c9PHONE&#8221; font_container=&#8221;tag:h3|font_size:16px|text_align:center|line_height:24px&#8221; use_theme_fonts=&#8221;yes&#8221;][vc_column_text css_animation=&#8221;none&#8221; css=&#8221;.vc_custom_1615998080739{margin-top: 15px !important;margin-bottom: 0px !important;padding-top: 0px !important;padding-right: 0px !important;padding-bottom: 0px !important;padding-left: 0px !important;}&#8221;]<\/p>\n<p style=\"text-align: center;\">Si vous \u00eates Exportateur ou Importateur (ou leur repr\u00e9sentant), merci de nous contacter par t\u00e9l\u00e9phone et nous serons heureux de vous aider.<\/p>\n<p>[\/vc_column_text][vc_custom_heading text=&#8221;T\u00e9l: (+225) 27.21.25.12.87 \/ 27.21.25.99.33<br \/>\nFax : (+225) 27.21.24.93.26&#8243; font_container=&#8221;tag:h4|font_size:16px|text_align:center|color:%23123a8c|line_height:24px&#8221; use_theme_fonts=&#8221;yes&#8221; css=&#8221;.vc_custom_1615997887701{margin-top: 25px !important;margin-bottom: 0px !important;padding-top: 0px !important;padding-bottom: 0px !important;}&#8221;][\/vc_column][vc_column width=&#8221;1\/3&#8243; css=&#8221;.vc_custom_1519736498190{margin-top: 0px !important;margin-bottom: 0px !important;padding-top: 0px !important;padding-bottom: 0px !important;}&#8221; el_class=&#8221;border-right&#8221;][vc_single_image image=&#8221;7323&#8243; img_size=&#8221;full&#8221; alignment=&#8221;center&#8221; style=&#8221;vc_box_outline_circle_2&#8243; border_color=&#8221;sky&#8221; css=&#8221;.vc_custom_1613641361909{margin-top: 0px !important;margin-bottom: 10px !important;padding-top: 0px !important;padding-bottom: 0px !important;}&#8221;][vc_custom_heading text=&#8221;EMAIL&#8221; font_container=&#8221;tag:h3|font_size:16px|text_align:center|line_height:24px&#8221; use_theme_fonts=&#8221;yes&#8221;][vc_column_text css_animation=&#8221;none&#8221; css=&#8221;.vc_custom_1601984420754{margin-top: 15px !important;margin-bottom: 0px !important;padding-top: 0px !important;padding-right: 0px !important;padding-bottom: 0px !important;padding-left: 0px !important;}&#8221;]<\/p>\n<p style=\"text-align: center;\">N&#8217;h\u00e9sitez pas \u00e0 nous \u00e9crire\u00a0par courrier \u00e9lectronique pour toutes autres pr\u00e9occupations<\/p>\n<p>[\/vc_column_text][vc_custom_heading text=&#8221;ctbsc@oic.ci<br \/>\nct.bsc@sgs.com&#8221; font_container=&#8221;tag:h4|font_size:16px|text_align:center|color:%23123a8c|line_height:24px&#8221; use_theme_fonts=&#8221;yes&#8221; css=&#8221;.vc_custom_1615997958909{margin-top: 25px !important;margin-bottom: 0px !important;padding-top: 0px !important;padding-bottom: 0px !important;}&#8221;][\/vc_column][vc_column width=&#8221;1\/3&#8243; css=&#8221;.vc_custom_1519736281484{margin-top: 0px !important;margin-bottom: 0px !important;padding-top: 0px !important;padding-bottom: 0px !important;}&#8221;][vc_single_image image=&#8221;7326&#8243; img_size=&#8221;full&#8221; alignment=&#8221;center&#8221; style=&#8221;vc_box_outline_circle_2&#8243; border_color=&#8221;sky&#8221; css=&#8221;.vc_custom_1613641376618{margin-top: 0px !important;margin-bottom: 10px !important;padding-top: 0px !important;padding-bottom: 0px !important;}&#8221;][vc_custom_heading text=&#8221;LOCALISATION&#8221; font_container=&#8221;tag:h3|font_size:16px|text_align:center|line_height:24px&#8221; use_theme_fonts=&#8221;yes&#8221;][vc_column_text css_animation=&#8221;none&#8221; css=&#8221;.vc_custom_1616415257742{margin-top: 15px !important;margin-bottom: 0px !important;padding-top: 0px !important;padding-right: 0px !important;padding-bottom: 0px !important;padding-left: 0px !important;}&#8221;]<\/p>\n<p style=\"text-align: center;\">Office Ivoirien des Chargeurs (OIC)<br \/>\nRue Le Havre, Zone portuaire d&#8217;Abidjan RCI<br \/>\n01 BP 3709 Abidjan 01<\/p>\n<p>[\/vc_column_text][vc_custom_heading text=&#8221;Une assistance dynamique au service des op\u00e9rateurs \u00e9conomiques sur la cha\u00eene des transports&#8221; font_container=&#8221;tag:h4|font_size:16px|text_align:center|color:%23123a8c|line_height:24px&#8221; use_theme_fonts=&#8221;yes&#8221; css=&#8221;.vc_custom_1615998037523{margin-top: 25px !important;margin-bottom: 0px !important;padding-top: 0px !important;padding-bottom: 0px !important;}&#8221;][\/vc_column][\/vc_row][vc_row full_width=&#8221;stretch_row&#8221; equal_height=&#8221;yes&#8221; css_animation=&#8221;none&#8221; css=&#8221;.vc_custom_1519735285326{margin-top: 0px !important;margin-bottom: 0px !important;padding-top: 73px !important;padding-bottom: 73px !important;background-color: #f7f7f7 !important;}&#8221;][vc_column width=&#8221;1\/6&#8243;][\/vc_column][vc_column width=&#8221;2\/3&#8243; css=&#8221;.vc_custom_1613641589209{margin-top: 0px !important;margin-bottom: 0px !important;padding-top: 0px !important;padding-bottom: 0px !important;}&#8221;][vc_custom_heading text=&#8221;Demande de devis&#8221; font_container=&#8221;tag:h3|font_size:36px|text_align:center|color:%23031b84|line_height:45px&#8221; use_theme_fonts=&#8221;yes&#8221; css_animation=&#8221;none&#8221; css=&#8221;.vc_custom_1613641403018{margin-top: 0px !important;margin-bottom: 0px !important;padding-top: 0px !important;padding-bottom: 0px !important;}&#8221;][vc_column_text css_animation=&#8221;none&#8221; css=&#8221;.vc_custom_1601985047828{margin-top: 15px !important;margin-bottom: 0px !important;padding-top: 0px !important;padding-right: 0px !important;padding-bottom: 0px !important;padding-left: 0px !important;}&#8221;]<\/p>\n<p style=\"text-align: center;\">Veuillez nous contacter par t\u00e9l\u00e9phone ou par courrier \u00e9lectronique et nous serons heureux de vous aider.<\/p>\n<p>[\/vc_column_text][vc_row_inner css=&#8221;.vc_custom_1519730957211{margin-top: 35px !important;margin-bottom: 0px !important;padding-top: 0px !important;padding-bottom: 0px !important;}&#8221;][vc_column_inner][rt_cf7_style submit_background_color=&#8221;#313d85&#8243; submit_hover_color=&#8221;#c3d3e5&#8243; submit_text_color=&#8221;#ffffff&#8221; submit_text_hover_color=&#8221;#313d85&#8243; radiant_font_color=&#8221;#989898&#8243; padding_top=&#8221;6px&#8221; padding_right=&#8221;10px&#8221; padding_bottom=&#8221;6px&#8221; padding_left=&#8221;10px&#8221; radiant_border_style=&#8221;solid&#8221; radiant_border_color=&#8221;#d8d8d8&#8243; radiant_border_top=&#8221;1px&#8221; radiant_border_right=&#8221;1px&#8221; radiant_border_bottom=&#8221;1px&#8221; radiant_border_left=&#8221;1px&#8221; radiant_font_focus_color=&#8221;#464646&#8243; radiant_background_focus_color=&#8221;#ffffff&#8221; radiant_focus_style=&#8221;solid&#8221; radiant_focus_color=&#8221;#808dd7&#8243; radiant_focus_top=&#8221;1px&#8221; radiant_focus_right=&#8221;1px&#8221; radiant_focus_bottom=&#8221;1px&#8221; radiant_focus_left=&#8221;1px&#8221;]\n<div class=\"wpcf7 no-js\" id=\"wpcf7-f7228-o1\" lang=\"en-US\" dir=\"ltr\" data-wpcf7-id=\"7228\">\n<div class=\"screen-reader-response\"><p role=\"status\" aria-live=\"polite\" aria-atomic=\"true\"><\/p> <ul><\/ul><\/div>\n<form action=\"\/portail_web\/wp-json\/wp\/v2\/pages\/10875#wpcf7-f7228-o1\" method=\"post\" class=\"wpcf7-form init\" aria-label=\"Contact form\" novalidate=\"novalidate\" data-status=\"init\">\n<div style=\"display: none;\">\n<input type=\"hidden\" name=\"_wpcf7\" value=\"7228\" \/>\n<input type=\"hidden\" name=\"_wpcf7_version\" value=\"6.0.6\" \/>\n<input type=\"hidden\" name=\"_wpcf7_locale\" value=\"en_US\" \/>\n<input type=\"hidden\" name=\"_wpcf7_unit_tag\" value=\"wpcf7-f7228-o1\" \/>\n<input type=\"hidden\" name=\"_wpcf7_container_post\" value=\"0\" \/>\n<input type=\"hidden\" name=\"_wpcf7_posted_data_hash\" value=\"\" \/>\n<\/div>\n<div class=\"row\">\n\t<div class=\"col-lg-6 col-md-6 col-sm-12 col-xs-12\">\n\t\t<div class=\"form-row\">\n\t\t\t<p><span class=\"wpcf7-form-control-wrap\" data-name=\"Name\"><input size=\"40\" maxlength=\"400\" class=\"wpcf7-form-control wpcf7-text wpcf7-validates-as-required\" aria-required=\"true\" aria-invalid=\"false\" placeholder=\"Nom:\" value=\"\" type=\"text\" name=\"Name\" \/><\/span>\n\t\t\t<\/p>\n\t\t<\/div>\n\t<\/div>\n\t<div class=\"col-lg-6 col-md-6 col-sm-12 col-xs-12\">\n\t\t<div class=\"form-row\">\n\t\t\t<p><span class=\"wpcf7-form-control-wrap\" data-name=\"email\"><input size=\"40\" maxlength=\"400\" class=\"wpcf7-form-control wpcf7-email wpcf7-validates-as-required wpcf7-text wpcf7-validates-as-email\" aria-required=\"true\" aria-invalid=\"false\" placeholder=\"E-mail:\" value=\"\" type=\"email\" name=\"email\" \/><\/span>\n\t\t\t<\/p>\n\t\t<\/div>\n\t<\/div>\n\t<div class=\"col-lg-12 col-md-12 col-sm-12 col-xs-12\">\n\t\t<div class=\"form-row\">\n\t\t\t<p><span class=\"wpcf7-form-control-wrap\" data-name=\"subject\"><input size=\"40\" maxlength=\"400\" class=\"wpcf7-form-control wpcf7-text\" aria-invalid=\"false\" placeholder=\"Objet:\" value=\"\" type=\"text\" name=\"subject\" \/><\/span>\n\t\t\t<\/p>\n\t\t<\/div>\n\t<\/div>\n\t<div class=\"col-lg-12 col-md-12 col-sm-12 col-xs-12\">\n\t\t<div class=\"form-row \">\n\t\t\t<p><span class=\"wpcf7-form-control-wrap\" data-name=\"message\"><textarea cols=\"40\" rows=\"10\" maxlength=\"2000\" class=\"wpcf7-form-control wpcf7-textarea\" aria-invalid=\"false\" placeholder=\"Message:\" name=\"message\"><\/textarea><\/span>\n\t\t\t<\/p>\n\t\t<\/div>\n\t<\/div>\n\t<div class=\"col-lg-12 col-md-12 col-sm-12 col-xs-12\">\n\t\t<div class=\"form-row last button text-center\">\n\t\t\t<p><input class=\"wpcf7-form-control wpcf7-submit has-spinner custom-btn-submit2\" type=\"submit\" value=\"ENVOYEZ\" \/>\n\t\t\t<\/p>\n\t\t<\/div>\n\t<\/div>\n<\/div><div class=\"wpcf7-response-output\" aria-hidden=\"true\"><\/div>\n<\/form>\n<\/div>\n[\/rt_cf7_style][\/vc_column_inner][\/vc_row_inner][\/vc_column][vc_column width=&#8221;1\/6&#8243;][\/vc_column][\/vc_row][vc_row full_width=&#8221;stretch_row_content_no_spaces&#8221; equal_height=&#8221;yes&#8221; css_animation=&#8221;none&#8221; css=&#8221;.vc_custom_1519735092933{margin-top: 0px !important;margin-bottom: 0px !important;padding-top: 0px !important;padding-bottom: 0px !important;}&#8221;][vc_column css=&#8221;.vc_custom_1519733353854{margin-top: 0px !important;margin-bottom: 0px !important;padding-top: 0px !important;padding-bottom: 0px !important;background-color: #ffffff !important;}&#8221;][vc_gmaps link=&#8221;#E-8_JTNDaWZyYW1lJTIwc3JjJTNEJTIyaHR0cHMlM0ElMkYlMkZ3d3cuZ29vZ2xlLmNvbSUyRm1hcHMlMkZlbWJlZCUzRnBiJTNEJTIxMW0xNCUyMTFtOCUyMTFtMyUyMTFkMzk3Mi43MTc2OTk4MDEwNzM2JTIxMmQtNC4wMjE3NTElMjEzZDUuMzA2NjcyMDAwMDAwMDAxJTIxM20yJTIxMWkxMDI0JTIxMmk3NjglMjE0ZjEzLjElMjEzbTMlMjExbTIlMjExczB4MCUyNTNBMHhjZGNjMTBkM2M3MDgwMDNlJTIxMnNPZmZpY2UlMjUyMGl2b2lyaWVuJTI1MjBkZXMlMjUyMGNoYXJnZXVycyUyMTVlMCUyMTNtMiUyMTFzZnIlMjEyc3VzJTIxNHYxNjEzNTkzNjI1NjY1JTIxNW0yJTIxMXNmciUyMTJzdXMlMjIlMjB3aWR0aCUzRCUyMjYwMCUyMiUyMGhlaWdodCUzRCUyMjQ1MCUyMiUyMGZyYW1lYm9yZGVyJTNEJTIyMCUyMiUyMHN0eWxlJTNEJTIyYm9yZGVyJTNBMCUzQiUyMiUyMGFsbG93ZnVsbHNjcmVlbiUzRCUyMiUyMiUyMGFyaWEtaGlkZGVuJTNEJTIyZmFsc2UlMjIlMjB0YWJpbmRleCUzRCUyMjAlMjIlM0UlM0MlMkZpZnJhbWUlM0U=&#8221;][\/vc_column][vc_column][vc_empty_space][\/vc_column][\/vc_row][\/vc_section]<\/p>\n","protected":false},"excerpt":{"rendered":"<p>[vc_section full_width=&#8221;stretch_row&#8221; css=&#8221;.vc_custom_1519729320894{margin-top: 0px !important;margin-bottom: 0px !important;padding-top: 0px !important;padding-bottom: 0px !important;background-color: #ffffff !important;background-position: center !important;background-repeat: no-repeat !important;background-size: cover !important;}&#8221;][vc_row full_width=&#8221;stretch_row&#8221; gap=&#8221;35&#8243; equal_height=&#8221;yes&#8221; css_animation=&#8221;none&#8221; css=&#8221;.vc_custom_1519736155648{margin-top: 0px !important;margin-bottom: 0px !important;padding-top: 73px !important;padding-bottom: 73px !important;background-color: #ffffff !important;}&#8221;][vc_column width=&#8221;1\/3&#8243; css=&#8221;.vc_custom_1519736485121{margin-top: 0px !important;margin-bottom: 0px !important;padding-top: 0px !important;padding-bottom: 0px !important;}&#8221; el_class=&#8221;border-right&#8221;][vc_single_image image=&#8221;7320&#8243; img_size=&#8221;full&#8221; alignment=&#8221;center&#8221; style=&#8221;vc_box_outline_circle&#8221; border_color=&#8221;sky&#8221; css=&#8221;.vc_custom_1613641348223{margin-top: 0px !important;margin-bottom: 10px !important;padding-top: [&hellip;]<\/p>\n","protected":false},"author":1,"featured_media":0,"parent":0,"menu_order":0,"comment_status":"closed","ping_status":"closed","template":"","meta":{"footnotes":""},"class_list":["post-10875","page","type-page","status-publish","hentry"],"_links":{"self":[{"href":"https:\/\/oic.ci\/portail_web\/wp-json\/wp\/v2\/pages\/10875","targetHints":{"allow":["GET"]}}],"collection":[{"href":"https:\/\/oic.ci\/portail_web\/wp-json\/wp\/v2\/pages"}],"about":[{"href":"https:\/\/oic.ci\/portail_web\/wp-json\/wp\/v2\/types\/page"}],"author":[{"embeddable":true,"href":"https:\/\/oic.ci\/portail_web\/wp-json\/wp\/v2\/users\/1"}],"replies":[{"embeddable":true,"href":"https:\/\/oic.ci\/portail_web\/wp-json\/wp\/v2\/comments?post=10875"}],"version-history":[{"count":13,"href":"https:\/\/oic.ci\/portail_web\/wp-json\/wp\/v2\/pages\/10875\/revisions"}],"predecessor-version":[{"id":11210,"href":"https:\/\/oic.ci\/portail_web\/wp-json\/wp\/v2\/pages\/10875\/revisions\/11210"}],"wp:attachment":[{"href":"https:\/\/oic.ci\/portail_web\/wp-json\/wp\/v2\/media?parent=10875"}],"curies":[{"name":"wp","href":"https:\/\/api.w.org\/{rel}","templated":true}]}}