{"id":10871,"date":"2021-02-17T19:54:18","date_gmt":"2021-02-17T19:54:18","guid":{"rendered":"https:\/\/oic.ci\/portail_web\/?page_id=10871"},"modified":"2021-03-15T16:32:23","modified_gmt":"2021-03-15T16:32:23","slug":"services","status":"publish","type":"page","link":"https:\/\/oic.ci\/portail_web\/services\/","title":{"rendered":"SERVICES"},"content":{"rendered":"<p>[vc_row][vc_column][vc_column_text]<\/p>\n<p>[\/vc_column_text][\/vc_column][\/vc_row][vc_section full_width=&#8221;stretch_row&#8221; css=&#8221;.vc_custom_1520501368457{margin-top: 0px !important;margin-bottom: 0px !important;padding-top: 0px !important;padding-bottom: 0px !important;background-color: #f8f8f8 !important;background-position: center !important;background-repeat: no-repeat !important;background-size: cover !important;}&#8221; el_class=&#8221;overflow-visible&#8221;][vc_row full_width=&#8221;stretch_row&#8221; equal_height=&#8221;yes&#8221; content_placement=&#8221;middle&#8221; css=&#8221;.vc_custom_1520501765283{margin-top: 0px !important;margin-bottom: 0px !important;padding-top: 0px !important;padding-bottom: 25px !important;background-color: #f8f8f8 !important;}&#8221;][vc_column width=&#8221;1\/3&#8243; css=&#8221;.vc_custom_1519713213192{margin-top: 0px !important;margin-bottom: 40px !important;padding-top: 0px !important;padding-bottom: 0px !important;}&#8221;][vc_custom_heading text=&#8221;NOS SERVICES&#8221; font_container=&#8221;tag:h3|font_size:36px|text_align:left|color:%231f007f|line_height:35px&#8221; use_theme_fonts=&#8221;yes&#8221; css=&#8221;.vc_custom_1613754962104{margin-top: 0px !important;margin-bottom: 0px !important;}&#8221; el_class=&#8221;font-weight-extrabold&#8221;][\/vc_column][vc_column width=&#8221;2\/3&#8243; css=&#8221;.vc_custom_1519713272518{margin-top: 0px !important;margin-bottom: 40px !important;border-left-width: 4px !important;padding-top: 0px !important;padding-bottom: 0px !important;padding-left: 30px !important;border-left-color: #c6d3e3 !important;border-left-style: solid !important;}&#8221;][vc_column_text css=&#8221;.vc_custom_1613659415078{margin-top: 0px !important;margin-bottom: 0px !important;}&#8221;]<\/p>\n<h4 class=\"tbk__subtitle\">Avec des dispositions mise en place pour repondre aux besoins de nos clients.<\/h4>\n<div class=\"tbk__text\">\n<p>Une large gamme de traitements adapt\u00e9es \u00e0 tous vos besoins. Constatez une am\u00e9lioration imm\u00e9diate de votre confort de vie et de travail. Avec nos films de s\u00e9curit\u00e9 haute performance, nous apportons\u00a0<b>une r\u00e9ponse pr\u00e9cise et directement op\u00e9rationnelle<\/b><\/p>\n<\/div>\n<p>[\/vc_column_text][\/vc_column][\/vc_row][\/vc_section][vc_section full_width=&#8221;stretch_row&#8221; css=&#8221;.vc_custom_1518761917915{margin-top: 0px !important;margin-bottom: 0px !important;padding-top: 0px !important;padding-bottom: 0px !important;background-color: #ffffff !important;}&#8221;][vc_row css=&#8221;.vc_custom_1568356854047{margin-top: 0px !important;margin-bottom: 0px !important;padding-top: 0px !important;padding-bottom: 80px !important;}&#8221; el_class=&#8221;overflow-hidden&#8221;][vc_column css_animation=&#8221;fadeInLeft&#8221; width=&#8221;1\/3&#8243; css=&#8221;.vc_custom_1568091160721{margin-top: 0px !important;margin-bottom: 0px !important;padding-top: 0px !important;padding-bottom: 0px !important;}&#8221;][vc_single_image image=&#8221;11089&#8243; img_size=&#8221;full&#8221; alignment=&#8221;center&#8221; onclick=&#8221;custom_link&#8221; css=&#8221;.vc_custom_1613988068921{margin-top: 0px !important;margin-bottom: 0px !important;padding-top: 0px !important;padding-bottom: 0px !important;}&#8221; el_class=&#8221;full-width-image&#8221; link=&#8221;https:\/\/oic.ci\/portail_web\/services\/bordereau-de-suivi-des-cargaisons-bsc-en-ligne\/&#8221;][vc_row_inner css=&#8221;.vc_custom_1568029806332{margin-bottom: 0px !important;padding-right: 30px !important;padding-bottom: 10px !important;padding-left: 30px !important;}&#8221; el_class=&#8221;home-inner-shadow&#8221;][vc_column_inner el_class=&#8221;hover-part&#8221; css=&#8221;.vc_custom_1567668341639{margin-top: -30px !important;margin-bottom: 0px !important;border-bottom-width: 3px !important;padding-top: 30px !important;padding-bottom: 18px !important;background-color: #ffffff !important;border-bottom-color: #dd4b5f !important;border-bottom-style: solid !important;}&#8221;][vc_custom_heading text=&#8221;Bordereau de Suivi des Cargaisons (BSC en ligne)&#8221; font_container=&#8221;tag:h4|font_size:20px|text_align:center|color:%23272727|line_height:30px&#8221; use_theme_fonts=&#8221;yes&#8221; css=&#8221;.vc_custom_1613668685540{margin-top: 0px !important;margin-bottom: 0px !important;padding-top: 0px !important;padding-bottom: 13px !important;}&#8221; el_class=&#8221;font-weight-bold&#8221; link=&#8221;url:https%3A%2F%2Foic.ci%2Fportail_web%2Fservices%2Fbordereau-de-suivi-des-cargaisons-bsc-en-ligne%2F|title:Bordereau%20de%20Suivi%20des%20Cargaisons%20(BSC%20en%20ligne)&#8221;][vc_custom_heading text=&#8221;C\u2019est un outil \u00e9lectronique de suivi permettant d\u2019assurer&#8230;&#8221; font_container=&#8221;tag:p|font_size:15px|text_align:center|color:%23142440|line_height:28px&#8221; use_theme_fonts=&#8221;yes&#8221; css=&#8221;.vc_custom_1613668720029{margin-top: 0px !important;margin-bottom: 0px !important;padding-top: 0px !important;padding-bottom: 13px !important;}&#8221;][\/vc_column_inner][\/vc_row_inner][\/vc_column][vc_column css_animation=&#8221;fadeInUp&#8221; width=&#8221;1\/3&#8243;][vc_single_image image=&#8221;11090&#8243; img_size=&#8221;full&#8221; alignment=&#8221;center&#8221; onclick=&#8221;custom_link&#8221; css=&#8221;.vc_custom_1613873603006{margin-top: 0px !important;margin-bottom: 0px !important;padding-top: 0px !important;padding-bottom: 0px !important;}&#8221; el_class=&#8221;full-width-image&#8221; link=&#8221;https:\/\/oic.ci\/portail_web\/services\/suivi-du-trafic\/&#8221;][vc_row_inner css=&#8221;.vc_custom_1568029888343{margin-bottom: 0px !important;padding-right: 30px !important;padding-bottom: 10px !important;padding-left: 30px !important;}&#8221; el_class=&#8221;home-inner-shadow&#8221;][vc_column_inner el_class=&#8221;hover-part&#8221; css=&#8221;.vc_custom_1567671297574{margin-top: -30px !important;margin-bottom: 0px !important;border-bottom-width: 3px !important;padding-top: 30px !important;padding-bottom: 18px !important;background-color: #ffffff !important;border-bottom-color: #00a913 !important;border-bottom-style: solid !important;}&#8221;][vc_custom_heading text=&#8221;SUIVI DU TRAFIC&#8221; font_container=&#8221;tag:h4|font_size:20px|text_align:center|color:%23272727|line_height:30px&#8221; use_theme_fonts=&#8221;yes&#8221; css=&#8221;.vc_custom_1613741008040{margin-top: 0px !important;margin-bottom: 0px !important;padding-top: 0px !important;padding-bottom: 13px !important;}&#8221; el_class=&#8221;font-weight-bold&#8221; link=&#8221;url:https%3A%2F%2Foic.ci%2Fportail_web%2Fservices%2Fsuivi-du-trafic%2F|title:Suivi%20du%20trafic&#8221;][vc_custom_heading text=&#8221;R\u00e9alis\u00e9s dans les zones portuaires d\u2019Abidjan et de San Pedro, ainsi que dans les villes frontali\u00e8res de No\u00e9&#8230;&#8221; font_container=&#8221;tag:p|font_size:15px|text_align:center|color:%23142440|line_height:28px&#8221; use_theme_fonts=&#8221;yes&#8221; css=&#8221;.vc_custom_1613741049765{margin-top: 0px !important;margin-bottom: 0px !important;padding-top: 0px !important;padding-bottom: 13px !important;}&#8221;][\/vc_column_inner][\/vc_row_inner][\/vc_column][vc_column css_animation=&#8221;fadeInRight&#8221; width=&#8221;1\/3&#8243;][vc_single_image image=&#8221;11091&#8243; img_size=&#8221;full&#8221; alignment=&#8221;center&#8221; onclick=&#8221;custom_link&#8221; css=&#8221;.vc_custom_1613873619063{margin-top: 0px !important;margin-bottom: 0px !important;padding-top: 0px !important;padding-bottom: 0px !important;}&#8221; el_class=&#8221;full-width-image&#8221; link=&#8221;https:\/\/oic.ci\/portail_web\/services\/document-unique-de-transport-dut\/&#8221;][vc_row_inner css=&#8221;.vc_custom_1568029896140{margin-bottom: 0px !important;padding-right: 30px !important;padding-bottom: 10px !important;padding-left: 30px !important;}&#8221; el_class=&#8221;home-inner-shadow&#8221;][vc_column_inner el_class=&#8221;hover-part&#8221; css=&#8221;.vc_custom_1567671338124{margin-top: -30px !important;margin-bottom: 0px !important;border-bottom-width: 3px !important;padding-top: 30px !important;padding-bottom: 18px !important;background-color: #ffffff !important;border-bottom-color: #97abcf !important;border-bottom-style: solid !important;}&#8221;][vc_custom_heading text=&#8221;DOCUMENT UNIQUE DE TRANSPORT (DUT)&#8221; font_container=&#8221;tag:h4|font_size:20px|text_align:center|color:%23272727|line_height:30px&#8221; use_theme_fonts=&#8221;yes&#8221; css=&#8221;.vc_custom_1613669670608{margin-top: 0px !important;margin-bottom: 0px !important;padding-top: 0px !important;padding-bottom: 13px !important;}&#8221; el_class=&#8221;font-weight-bold&#8221; link=&#8221;url:https%3A%2F%2Foic.ci%2Fportail_web%2Fservices%2Fdocument-unique-de-transport-dut%2F|title:E-Commerce&#8221;][vc_custom_heading text=&#8221;Dans le cadre de la modernisation des services&#8230;&#8221; font_container=&#8221;tag:p|font_size:15px|text_align:center|color:%23142440|line_height:28px&#8221; use_theme_fonts=&#8221;yes&#8221; css=&#8221;.vc_custom_1613669715964{margin-top: 0px !important;margin-bottom: 0px !important;padding-top: 0px !important;padding-bottom: 10px !important;}&#8221;][\/vc_column_inner][\/vc_row_inner][\/vc_column][\/vc_row][vc_row css=&#8221;.vc_custom_1568356854047{margin-top: 0px !important;margin-bottom: 0px !important;padding-top: 0px !important;padding-bottom: 80px !important;}&#8221; el_class=&#8221;overflow-hidden&#8221;][vc_column css_animation=&#8221;fadeInLeft&#8221; width=&#8221;1\/3&#8243; css=&#8221;.vc_custom_1568091160721{margin-top: 0px !important;margin-bottom: 0px !important;padding-top: 0px !important;padding-bottom: 0px !important;}&#8221;][vc_single_image image=&#8221;11092&#8243; img_size=&#8221;full&#8221; alignment=&#8221;center&#8221; onclick=&#8221;custom_link&#8221; css=&#8221;.vc_custom_1613873637330{margin-top: 0px !important;margin-bottom: 0px !important;padding-top: 0px !important;padding-bottom: 0px !important;}&#8221; el_class=&#8221;full-width-image&#8221; link=&#8221;https:\/\/oic.ci\/portail_web\/services\/parking-de-stationnement\/&#8221;][vc_row_inner css=&#8221;.vc_custom_1568029806332{margin-bottom: 0px !important;padding-right: 30px !important;padding-bottom: 10px !important;padding-left: 30px !important;}&#8221; el_class=&#8221;home-inner-shadow&#8221;][vc_column_inner el_class=&#8221;hover-part&#8221; css=&#8221;.vc_custom_1567668341639{margin-top: -30px !important;margin-bottom: 0px !important;border-bottom-width: 3px !important;padding-top: 30px !important;padding-bottom: 18px !important;background-color: #ffffff !important;border-bottom-color: #dd4b5f !important;border-bottom-style: solid !important;}&#8221;][vc_custom_heading text=&#8221;PARKING DE STATIONNEMENT&#8221; font_container=&#8221;tag:h4|font_size:20px|text_align:center|color:%23272727|line_height:30px&#8221; use_theme_fonts=&#8221;yes&#8221; css=&#8221;.vc_custom_1613669992388{margin-top: 0px !important;margin-bottom: 0px !important;padding-top: 0px !important;padding-bottom: 13px !important;}&#8221; el_class=&#8221;font-weight-bold&#8221; link=&#8221;url:https%3A%2F%2Foic.ci%2Fportail_web%2Fservices%2Fparking-de-stationnement%2F|title:PARKING%20DE%20STATIONNEMENT&#8221;][vc_custom_heading text=&#8221;R\u00e9alis\u00e9s dans les zones portuaires d\u2019Abidjan et de San Pedro&#8230;&#8221; font_container=&#8221;tag:p|font_size:15px|text_align:center|color:%23142440|line_height:28px&#8221; use_theme_fonts=&#8221;yes&#8221; css=&#8221;.vc_custom_1613670099284{margin-top: 0px !important;margin-bottom: 0px !important;padding-top: 0px !important;padding-bottom: 13px !important;}&#8221;][\/vc_column_inner][\/vc_row_inner][\/vc_column][vc_column css_animation=&#8221;fadeInUp&#8221; width=&#8221;1\/3&#8243;][vc_single_image image=&#8221;11093&#8243; img_size=&#8221;full&#8221; alignment=&#8221;center&#8221; onclick=&#8221;custom_link&#8221; css=&#8221;.vc_custom_1613873652237{margin-top: 0px !important;margin-bottom: 0px !important;padding-top: 0px !important;padding-bottom: 0px !important;}&#8221; el_class=&#8221;full-width-image&#8221; link=&#8221;https:\/\/oic.ci\/portail_web\/services\/lentrepot-reel-sous-douane\/&#8221;][vc_row_inner css=&#8221;.vc_custom_1568029888343{margin-bottom: 0px !important;padding-right: 30px !important;padding-bottom: 10px !important;padding-left: 30px !important;}&#8221; el_class=&#8221;home-inner-shadow&#8221;][vc_column_inner el_class=&#8221;hover-part&#8221; css=&#8221;.vc_custom_1567671297574{margin-top: -30px !important;margin-bottom: 0px !important;border-bottom-width: 3px !important;padding-top: 30px !important;padding-bottom: 18px !important;background-color: #ffffff !important;border-bottom-color: #00a913 !important;border-bottom-style: solid !important;}&#8221;][vc_custom_heading text=&#8221;L\u2019ENTREP\u00d4T REEL SOUS DOUANE&#8221; font_container=&#8221;tag:h4|font_size:20px|text_align:center|color:%23272727|line_height:30px&#8221; use_theme_fonts=&#8221;yes&#8221; css=&#8221;.vc_custom_1613670234386{margin-top: 0px !important;margin-bottom: 0px !important;padding-top: 0px !important;padding-bottom: 13px !important;}&#8221; el_class=&#8221;font-weight-bold&#8221; link=&#8221;url:https%3A%2F%2Foic.ci%2Fportail_web%2Fservices%2Flentrepot-reel-sous-douane%2F|title:L%E2%80%99ENTREP%C3%94T%20REEL%20SOUS%20DOUANE&#8221;][vc_custom_heading text=&#8221;C\u2019est une infrastructure logistique d\u2019ap&#8230;&#8221; font_container=&#8221;tag:p|font_size:15px|text_align:center|color:%23142440|line_height:28px&#8221; use_theme_fonts=&#8221;yes&#8221; css=&#8221;.vc_custom_1613740837591{margin-top: 0px !important;margin-bottom: 0px !important;padding-top: 0px !important;padding-bottom: 13px !important;}&#8221;][\/vc_column_inner][\/vc_row_inner][\/vc_column][vc_column css_animation=&#8221;fadeInRight&#8221; width=&#8221;1\/3&#8243;][vc_single_image image=&#8221;11094&#8243; img_size=&#8221;full&#8221; alignment=&#8221;center&#8221; onclick=&#8221;custom_link&#8221; css=&#8221;.vc_custom_1613873670421{margin-top: 0px !important;margin-bottom: 0px !important;padding-top: 0px !important;padding-bottom: 0px !important;}&#8221; el_class=&#8221;full-width-image&#8221;][vc_row_inner css=&#8221;.vc_custom_1568029896140{margin-bottom: 0px !important;padding-right: 30px !important;padding-bottom: 10px !important;padding-left: 30px !important;}&#8221; el_class=&#8221;home-inner-shadow&#8221;][vc_column_inner el_class=&#8221;hover-part&#8221; css=&#8221;.vc_custom_1567671338124{margin-top: -30px !important;margin-bottom: 0px !important;border-bottom-width: 3px !important;padding-top: 30px !important;padding-bottom: 18px !important;background-color: #ffffff !important;border-bottom-color: #97abcf !important;border-bottom-style: solid !important;}&#8221;][vc_custom_heading text=&#8221;TRANSIT&#8221; font_container=&#8221;tag:h4|font_size:20px|text_align:center|color:%23272727|line_height:30px&#8221; use_theme_fonts=&#8221;yes&#8221; css=&#8221;.vc_custom_1613670335228{margin-top: 0px !important;margin-bottom: 0px !important;padding-top: 0px !important;padding-bottom: 13px !important;}&#8221; el_class=&#8221;font-weight-bold&#8221;][vc_custom_heading text=&#8221;Il facilite et s\u00e9curise les op\u00e9rations de transfert et&#8230;&#8221; font_container=&#8221;tag:p|font_size:15px|text_align:center|color:%23142440|line_height:28px&#8221; use_theme_fonts=&#8221;yes&#8221; css=&#8221;.vc_custom_1613670357081{margin-top: 0px !important;margin-bottom: 0px !important;padding-top: 0px !important;padding-bottom: 10px !important;}&#8221;][\/vc_column_inner][\/vc_row_inner][\/vc_column][\/vc_row][vc_row css=&#8221;.vc_custom_1568356854047{margin-top: 0px !important;margin-bottom: 0px !important;padding-top: 0px !important;padding-bottom: 80px !important;}&#8221; el_class=&#8221;overflow-hidden&#8221;][vc_column css_animation=&#8221;fadeInLeft&#8221; width=&#8221;1\/3&#8243; css=&#8221;.vc_custom_1568091160721{margin-top: 0px !important;margin-bottom: 0px !important;padding-top: 0px !important;padding-bottom: 0px !important;}&#8221;][vc_single_image image=&#8221;11150&#8243; img_size=&#8221;full&#8221; alignment=&#8221;center&#8221; onclick=&#8221;custom_link&#8221; css=&#8221;.vc_custom_1615633709305{margin-top: 0px !important;margin-bottom: 0px !important;padding-top: 0px !important;padding-bottom: 0px !important;}&#8221; el_class=&#8221;full-width-image&#8221; link=&#8221;https:\/\/oic.ci\/portail_web\/services\/geolocalisation\/&#8221;][vc_row_inner css=&#8221;.vc_custom_1568029806332{margin-bottom: 0px !important;padding-right: 30px !important;padding-bottom: 10px !important;padding-left: 30px !important;}&#8221; el_class=&#8221;home-inner-shadow&#8221;][vc_column_inner el_class=&#8221;hover-part&#8221; css=&#8221;.vc_custom_1567668341639{margin-top: -30px !important;margin-bottom: 0px !important;border-bottom-width: 3px !important;padding-top: 30px !important;padding-bottom: 18px !important;background-color: #ffffff !important;border-bottom-color: #dd4b5f !important;border-bottom-style: solid !important;}&#8221;][vc_custom_heading text=&#8221;G\u00c9OLOCALISATION&#8221; font_container=&#8221;tag:h4|font_size:20px|text_align:center|color:%23272727|line_height:30px&#8221; use_theme_fonts=&#8221;yes&#8221; css=&#8221;.vc_custom_1615633914489{margin-top: 0px !important;margin-bottom: 0px !important;padding-top: 0px !important;padding-bottom: 13px !important;}&#8221; el_class=&#8221;font-weight-bold&#8221; link=&#8221;url:https%3A%2F%2Foic.ci%2Fportail_web%2Fservices%2Fgeolocalisation%2F|title:G%C3%89OLOCALISATION&#8221;][vc_custom_heading text=&#8221;Visualisation de la position de l&#8217;ensemble des camions du &#8230;&#8221; font_container=&#8221;tag:p|font_size:15px|text_align:center|color:%23142440|line_height:28px&#8221; use_theme_fonts=&#8221;yes&#8221; css=&#8221;.vc_custom_1615633747378{margin-top: 0px !important;margin-bottom: 0px !important;padding-top: 0px !important;padding-bottom: 13px !important;}&#8221;][\/vc_column_inner][\/vc_row_inner][\/vc_column][vc_column css_animation=&#8221;fadeInUp&#8221; width=&#8221;1\/3&#8243;][vc_single_image image=&#8221;11152&#8243; img_size=&#8221;full&#8221; alignment=&#8221;center&#8221; onclick=&#8221;custom_link&#8221; css=&#8221;.vc_custom_1615633840994{margin-top: 0px !important;margin-bottom: 0px !important;padding-top: 0px !important;padding-bottom: 0px !important;}&#8221; el_class=&#8221;full-width-image&#8221; link=&#8221;https:\/\/oic.ci\/portail_web\/services\/seminaires\/&#8221;][vc_row_inner css=&#8221;.vc_custom_1568029888343{margin-bottom: 0px !important;padding-right: 30px !important;padding-bottom: 10px !important;padding-left: 30px !important;}&#8221; el_class=&#8221;home-inner-shadow&#8221;][vc_column_inner el_class=&#8221;hover-part&#8221; css=&#8221;.vc_custom_1567671297574{margin-top: -30px !important;margin-bottom: 0px !important;border-bottom-width: 3px !important;padding-top: 30px !important;padding-bottom: 18px !important;background-color: #ffffff !important;border-bottom-color: #00a913 !important;border-bottom-style: solid !important;}&#8221;][vc_custom_heading text=&#8221;SEMINAIRES&#8221; font_container=&#8221;tag:h4|font_size:20px|text_align:center|color:%23272727|line_height:30px&#8221; use_theme_fonts=&#8221;yes&#8221; css=&#8221;.vc_custom_1615634043095{margin-top: 0px !important;margin-bottom: 0px !important;padding-top: 0px !important;padding-bottom: 13px !important;}&#8221; el_class=&#8221;font-weight-bold&#8221; link=&#8221;url:https%3A%2F%2Foic.ci%2Fportail_web%2Fservices%2Fseminaires%2F|title:SEMINAIRES&#8221;][vc_custom_heading text=&#8221;Il consiste en l\u2019encadrement des chargeurs et au &#8230;&#8221; font_container=&#8221;tag:p|font_size:15px|text_align:center|color:%23142440|line_height:28px&#8221; use_theme_fonts=&#8221;yes&#8221; css=&#8221;.vc_custom_1615634126328{margin-top: 0px !important;margin-bottom: 0px !important;padding-top: 0px !important;padding-bottom: 13px !important;}&#8221;][\/vc_column_inner][\/vc_row_inner][\/vc_column][\/vc_row][\/vc_section]<\/p>\n","protected":false},"excerpt":{"rendered":"<p>[vc_row][vc_column][vc_column_text] [\/vc_column_text][\/vc_column][\/vc_row][vc_section full_width=&#8221;stretch_row&#8221; css=&#8221;.vc_custom_1520501368457{margin-top: 0px !important;margin-bottom: 0px !important;padding-top: 0px !important;padding-bottom: 0px !important;background-color: #f8f8f8 !important;background-position: center !important;background-repeat: no-repeat !important;background-size: cover !important;}&#8221; el_class=&#8221;overflow-visible&#8221;][vc_row full_width=&#8221;stretch_row&#8221; equal_height=&#8221;yes&#8221; content_placement=&#8221;middle&#8221; css=&#8221;.vc_custom_1520501765283{margin-top: 0px !important;margin-bottom: 0px !important;padding-top: 0px !important;padding-bottom: 25px !important;background-color: #f8f8f8 !important;}&#8221;][vc_column width=&#8221;1\/3&#8243; css=&#8221;.vc_custom_1519713213192{margin-top: 0px !important;margin-bottom: 40px !important;padding-top: 0px !important;padding-bottom: 0px !important;}&#8221;][vc_custom_heading text=&#8221;NOS SERVICES&#8221; font_container=&#8221;tag:h3|font_size:36px|text_align:left|color:%231f007f|line_height:35px&#8221; use_theme_fonts=&#8221;yes&#8221; css=&#8221;.vc_custom_1613754962104{margin-top: 0px !important;margin-bottom: 0px !important;}&#8221; el_class=&#8221;font-weight-extrabold&#8221;][\/vc_column][vc_column [&hellip;]<\/p>\n","protected":false},"author":1,"featured_media":0,"parent":0,"menu_order":0,"comment_status":"closed","ping_status":"closed","template":"","meta":{"footnotes":""},"class_list":["post-10871","page","type-page","status-publish","hentry"],"_links":{"self":[{"href":"https:\/\/oic.ci\/portail_web\/wp-json\/wp\/v2\/pages\/10871","targetHints":{"allow":["GET"]}}],"collection":[{"href":"https:\/\/oic.ci\/portail_web\/wp-json\/wp\/v2\/pages"}],"about":[{"href":"https:\/\/oic.ci\/portail_web\/wp-json\/wp\/v2\/types\/page"}],"author":[{"embeddable":true,"href":"https:\/\/oic.ci\/portail_web\/wp-json\/wp\/v2\/users\/1"}],"replies":[{"embeddable":true,"href":"https:\/\/oic.ci\/portail_web\/wp-json\/wp\/v2\/comments?post=10871"}],"version-history":[{"count":15,"href":"https:\/\/oic.ci\/portail_web\/wp-json\/wp\/v2\/pages\/10871\/revisions"}],"predecessor-version":[{"id":11126,"href":"https:\/\/oic.ci\/portail_web\/wp-json\/wp\/v2\/pages\/10871\/revisions\/11126"}],"wp:attachment":[{"href":"https:\/\/oic.ci\/portail_web\/wp-json\/wp\/v2\/media?parent=10871"}],"curies":[{"name":"wp","href":"https:\/\/api.w.org\/{rel}","templated":true}]}}